{"id":789,"date":"2020-07-30T01:03:45","date_gmt":"2020-07-30T00:03:45","guid":{"rendered":"http:\/\/labolbs.com\/WP20\/?page_id=789"},"modified":"2020-07-30T01:44:32","modified_gmt":"2020-07-30T00:44:32","slug":"prelevements-a-domicile","status":"publish","type":"page","link":"http:\/\/labolbs.com\/WP20\/prelevements-a-domicile\/","title":{"rendered":"PRELEVEMENTS A DOMICILE"},"content":{"rendered":"\t\t<div data-elementor-type=\"wp-page\" data-elementor-id=\"789\" class=\"elementor elementor-789\" data-elementor-settings=\"[]\">\n\t\t\t\t\t\t<div class=\"elementor-inner\">\n\t\t\t\t\t\t\t<div class=\"elementor-section-wrap\">\n\t\t\t\t\t\t\t<section class=\"elementor-section elementor-top-section elementor-element elementor-element-33c11e2 elementor-section-boxed elementor-section-height-default elementor-section-height-default\" data-id=\"33c11e2\" data-element_type=\"section\">\n\t\t\t\t\t\t<div class=\"elementor-container elementor-column-gap-default\">\n\t\t\t\t\t\t\t<div class=\"elementor-row\">\n\t\t\t\t\t<div class=\"elementor-column elementor-col-100 elementor-top-column elementor-element elementor-element-ec31796\" data-id=\"ec31796\" data-element_type=\"column\">\n\t\t\t<div class=\"elementor-column-wrap elementor-element-populated\">\n\t\t\t\t\t\t\t<div class=\"elementor-widget-wrap\">\n\t\t\t\t\t\t<div class=\"elementor-element elementor-element-7f55fb1 elementor-widget elementor-widget-heading\" data-id=\"7f55fb1\" data-element_type=\"widget\" data-widget_type=\"heading.default\">\n\t\t\t\t<div class=\"elementor-widget-container\">\n\t\t\t<h2 class=\"elementor-heading-title elementor-size-default\"><p class=\"MsoNormal\" style=\"margin-left: 35.4pt; text-indent: 35.4pt; line-height: normal; background-image: initial; background-position: initial; background-size: initial; background-repeat: initial; background-attachment: initial; background-origin: initial; background-clip: initial;\"><span style=\"font-size:12.0pt;font-family:&quot;Helvetica&quot;,sans-serif;\nmso-fareast-font-family:&quot;Times New Roman&quot;;color:#666666;mso-fareast-language:\nFR-BE\">Les pr\u00e9l\u00e8vements \u00e0 domiciles sont r\u00e9alisables uniquement sur rendez-vous&nbsp;du\nLundi au vendredi de 07h30 \u00e0 17h et le Samedi de 08h\u00e0 12h<o:p><\/o:p><\/span><\/p><\/h2>\t\t<\/div>\n\t\t\t\t<\/div>\n\t\t\t\t\t\t<\/div>\n\t\t\t\t\t<\/div>\n\t\t<\/div>\n\t\t\t\t\t\t\t\t<\/div>\n\t\t\t\t\t<\/div>\n\t\t<\/section>\n\t\t\t\t<section class=\"elementor-section elementor-top-section elementor-element elementor-element-98e9d43 elementor-section-boxed elementor-section-height-default elementor-section-height-default\" data-id=\"98e9d43\" data-element_type=\"section\">\n\t\t\t\t\t\t<div class=\"elementor-container elementor-column-gap-default\">\n\t\t\t\t\t\t\t<div class=\"elementor-row\">\n\t\t\t\t\t<div class=\"elementor-column elementor-col-50 elementor-top-column elementor-element elementor-element-d7d027a\" data-id=\"d7d027a\" data-element_type=\"column\">\n\t\t\t<div class=\"elementor-column-wrap elementor-element-populated\">\n\t\t\t\t\t\t\t<div class=\"elementor-widget-wrap\">\n\t\t\t\t\t\t<div class=\"elementor-element elementor-element-b2524d1 elementor-widget elementor-widget-image\" data-id=\"b2524d1\" data-element_type=\"widget\" data-widget_type=\"image.default\">\n\t\t\t\t<div class=\"elementor-widget-container\">\n\t\t\t\t\t<div class=\"elementor-image\">\n\t\t\t\t\t\t\t\t\t\t<img loading=\"lazy\" decoding=\"async\" width=\"600\" height=\"600\" src=\"http:\/\/labolbs.com\/WP20\/wp-content\/uploads\/2020\/07\/ct-telefoon-2051x2051-82.png\" class=\"attachment-large size-large\" alt=\"\" \/>\t\t\t\t\t\t\t\t\t\t\t<\/div>\n\t\t\t\t<\/div>\n\t\t\t\t<\/div>\n\t\t\t\t\t\t<\/div>\n\t\t\t\t\t<\/div>\n\t\t<\/div>\n\t\t\t\t<div class=\"elementor-column elementor-col-50 elementor-top-column elementor-element elementor-element-d47aa73\" data-id=\"d47aa73\" data-element_type=\"column\">\n\t\t\t<div class=\"elementor-column-wrap elementor-element-populated\">\n\t\t\t\t\t\t\t<div class=\"elementor-widget-wrap\">\n\t\t\t\t\t\t<div class=\"elementor-element elementor-element-c31db5e elementor-widget elementor-widget-image\" data-id=\"c31db5e\" data-element_type=\"widget\" data-widget_type=\"image.default\">\n\t\t\t\t<div class=\"elementor-widget-container\">\n\t\t\t\t\t<div class=\"elementor-image\">\n\t\t\t\t\t\t\t\t\t\t<img loading=\"lazy\" decoding=\"async\" width=\"324\" height=\"325\" src=\"http:\/\/labolbs.com\/WP20\/wp-content\/uploads\/2020\/07\/rdv-dom.png\" class=\"attachment-large size-large\" alt=\"\" \/>\t\t\t\t\t\t\t\t\t\t\t<\/div>\n\t\t\t\t<\/div>\n\t\t\t\t<\/div>\n\t\t\t\t\t\t<\/div>\n\t\t\t\t\t<\/div>\n\t\t<\/div>\n\t\t\t\t\t\t\t\t<\/div>\n\t\t\t\t\t<\/div>\n\t\t<\/section>\n\t\t\t\t<section class=\"elementor-section elementor-top-section elementor-element elementor-element-c949704 elementor-section-boxed elementor-section-height-default elementor-section-height-default\" data-id=\"c949704\" data-element_type=\"section\">\n\t\t\t\t\t\t<div class=\"elementor-container elementor-column-gap-default\">\n\t\t\t\t\t\t\t<div class=\"elementor-row\">\n\t\t\t\t\t<div class=\"elementor-column elementor-col-50 elementor-top-column elementor-element elementor-element-c12e6ce\" data-id=\"c12e6ce\" data-element_type=\"column\">\n\t\t\t<div class=\"elementor-column-wrap elementor-element-populated\">\n\t\t\t\t\t\t\t<div class=\"elementor-widget-wrap\">\n\t\t\t\t\t\t<div class=\"elementor-element elementor-element-f1d4027 elementor-widget elementor-widget-button\" data-id=\"f1d4027\" data-element_type=\"widget\" data-widget_type=\"button.default\">\n\t\t\t\t<div class=\"elementor-widget-container\">\n\t\t\t\t\t<div class=\"elementor-button-wrapper\">\n\t\t\t<a href=\"\" class=\"elementor-button-link elementor-button elementor-size-sm\" role=\"button\">\n\t\t\t\t\t\t<span class=\"elementor-button-content-wrapper\">\n\t\t\t\t\t\t<span class=\"elementor-button-text\">Cliquez ici<\/span>\n\t\t<\/span>\n\t\t\t\t\t<\/a>\n\t\t<\/div>\n\t\t\t\t<\/div>\n\t\t\t\t<\/div>\n\t\t\t\t\t\t<\/div>\n\t\t\t\t\t<\/div>\n\t\t<\/div>\n\t\t\t\t<div class=\"elementor-column elementor-col-50 elementor-top-column elementor-element elementor-element-08a9de0\" data-id=\"08a9de0\" data-element_type=\"column\">\n\t\t\t<div class=\"elementor-column-wrap elementor-element-populated\">\n\t\t\t\t\t\t\t<div class=\"elementor-widget-wrap\">\n\t\t\t\t\t\t<div class=\"elementor-element elementor-element-cc30b87 elementor-widget elementor-widget-button\" data-id=\"cc30b87\" data-element_type=\"widget\" data-widget_type=\"button.default\">\n\t\t\t\t<div class=\"elementor-widget-container\">\n\t\t\t\t\t<div class=\"elementor-button-wrapper\">\n\t\t\t<a href=\"\" class=\"elementor-button-link elementor-button elementor-size-sm\" role=\"button\">\n\t\t\t\t\t\t<span class=\"elementor-button-content-wrapper\">\n\t\t\t\t\t\t<span class=\"elementor-button-text\">Cliquez ici<\/span>\n\t\t<\/span>\n\t\t\t\t\t<\/a>\n\t\t<\/div>\n\t\t\t\t<\/div>\n\t\t\t\t<\/div>\n\t\t\t\t\t\t<\/div>\n\t\t\t\t\t<\/div>\n\t\t<\/div>\n\t\t\t\t\t\t\t\t<\/div>\n\t\t\t\t\t<\/div>\n\t\t<\/section>\n\t\t\t\t<section class=\"elementor-section elementor-top-section elementor-element elementor-element-d10049a elementor-section-boxed elementor-section-height-default elementor-section-height-default\" data-id=\"d10049a\" data-element_type=\"section\">\n\t\t\t\t\t\t<div class=\"elementor-container elementor-column-gap-default\">\n\t\t\t\t\t\t\t<div class=\"elementor-row\">\n\t\t\t\t\t<div class=\"elementor-column elementor-col-100 elementor-top-column elementor-element elementor-element-25e2584\" data-id=\"25e2584\" data-element_type=\"column\">\n\t\t\t<div class=\"elementor-column-wrap elementor-element-populated\">\n\t\t\t\t\t\t\t<div class=\"elementor-widget-wrap\">\n\t\t\t\t\t\t<div class=\"elementor-element elementor-element-2a7f3a4 elementor-widget elementor-widget-text-editor\" data-id=\"2a7f3a4\" data-element_type=\"widget\" data-widget_type=\"text-editor.default\">\n\t\t\t\t<div class=\"elementor-widget-container\">\n\t\t\t\t\t<div class=\"elementor-text-editor elementor-clearfix\"><p style=\"margin-bottom: 0.0001pt; line-height: 25.5pt; background-image: initial; background-position: initial; background-size: initial; background-repeat: initial; background-attachment: initial; background-origin: initial; background-clip: initial;\"><span style=\"font-size: 18.0pt; font-family: 'Helvetica',sans-serif; mso-fareast-font-family: 'Times New Roman'; color: #2479a5; mso-fareast-language: FR-BE;\">\u00a0 \u00a0 \u00a0 \u00a0 \u00a0 \u00a0 \u00a0 \u00a0 \u00a0 \u00a0 \u00a0 \u00a0 \u00a0 \u00a0 \u00a0 \u00a0 \u00a0 \u00a0 \u00a0 \u00a0 \u00a0 \u00a0 \u00a0 \u00a0 \u00a0 \u00a0ORGANISATION<\/span><\/p><p style=\"margin-bottom: 7.5pt; line-height: normal; background-image: initial; background-position: initial; background-size: initial; background-repeat: initial; background-attachment: initial; background-origin: initial; background-clip: initial;\"><span style=\"font-size: 12.0pt; font-family: 'Helvetica',sans-serif; mso-fareast-font-family: 'Times New Roman'; color: #666666; mso-fareast-language: FR-BE;\">En fonction des analyses, on \u00a0vous indiquera si vous devez \u00eatre \u00e0 jeun ou pas, prendre vos m\u00e9dicaments ou pas et vous indiquera une plage horaire de passage. Les horaires les plus matinaux sont r\u00e9serv\u00e9s aux patients concern\u00e9s par ces contraintes (diab\u00e9tiques, thyroidiens, greff\u00e9s trait\u00e9s, autres \u2026). Vous comprendrez que nous ne sommes pas en mesure de venir \u00e0 une heure pr\u00e9cise de votre choix, car les passages \u00e0 domicile s\u2019organisent en \u00ab\u00a0tourn\u00e9es\u00a0\u00bb en fonction des demandes de nos patients.<\/span><\/p><p>\u00a0<\/p><p style=\"line-height: normal; background-image: initial; background-position: initial; background-size: initial; background-repeat: initial; background-attachment: initial; background-origin: initial; background-clip: initial;\"><span style=\"font-size: 12.0pt; font-family: 'Helvetica',sans-serif; mso-fareast-font-family: 'Times New Roman'; color: #666666; mso-fareast-language: FR-BE;\">Si vous souhaitez \u00eatre pr\u00e9lev\u00e9 (e) par un pr\u00e9leveur particulier de notre laboratoire vous pouvez le signaler, nous essaierons dans la mesure du possible de r\u00e9pondre \u00e0 votre requ\u00eate\u00a0<\/span><\/p><\/div>\n\t\t\t\t<\/div>\n\t\t\t\t<\/div>\n\t\t\t\t\t\t<\/div>\n\t\t\t\t\t<\/div>\n\t\t<\/div>\n\t\t\t\t\t\t\t\t<\/div>\n\t\t\t\t\t<\/div>\n\t\t<\/section>\n\t\t\t\t<section class=\"elementor-section elementor-top-section elementor-element elementor-element-0e599fb elementor-section-boxed elementor-section-height-default elementor-section-height-default\" data-id=\"0e599fb\" data-element_type=\"section\">\n\t\t\t\t\t\t<div class=\"elementor-container elementor-column-gap-default\">\n\t\t\t\t\t\t\t<div class=\"elementor-row\">\n\t\t\t\t\t<div class=\"elementor-column elementor-col-100 elementor-top-column elementor-element elementor-element-e776451\" data-id=\"e776451\" data-element_type=\"column\">\n\t\t\t<div class=\"elementor-column-wrap elementor-element-populated\">\n\t\t\t\t\t\t\t<div class=\"elementor-widget-wrap\">\n\t\t\t\t\t\t<div class=\"elementor-element elementor-element-4931b45 elementor-widget elementor-widget-text-editor\" data-id=\"4931b45\" data-element_type=\"widget\" data-widget_type=\"text-editor.default\">\n\t\t\t\t<div class=\"elementor-widget-container\">\n\t\t\t\t\t<div class=\"elementor-text-editor elementor-clearfix\"><p style=\"text-align: center;\"><span style=\"color: #2479a5; font-family: Helvetica, sans-serif; font-size: 18pt;\">Documents \u00e0 pr\u00e9senter au pr\u00e9leveur ?<\/span><\/p><p style=\"line-height: normal; background-image: initial; background-position: initial; background-size: initial; background-repeat: initial; background-attachment: initial; background-origin: initial; background-clip: initial; text-align: center;\"><span style=\"font-size: 12.0pt; font-family: 'Helvetica',sans-serif; mso-fareast-font-family: 'Times New Roman'; color: #666666; mso-fareast-language: FR-BE;\">&#8211; l\u2019ordonnance.<\/span><\/p><p style=\"line-height: normal; background-image: initial; background-position: initial; background-size: initial; background-repeat: initial; background-attachment: initial; background-origin: initial; background-clip: initial; text-align: center;\"><span style=\"font-size: 12.0pt; font-family: 'Helvetica',sans-serif; mso-fareast-font-family: 'Times New Roman'; color: #666666; mso-fareast-language: FR-BE;\">-CIN<\/span><\/p><p style=\"line-height: normal; background-image: initial; background-position: initial; background-size: initial; background-repeat: initial; background-attachment: initial; background-origin: initial; background-clip: initial; text-align: center;\"><span style=\"font-size: 12.0pt; font-family: 'Helvetica',sans-serif; mso-fareast-font-family: 'Times New Roman'; color: #666666; mso-fareast-language: FR-BE;\">-Carte de mutuelle<\/span><\/p><\/div>\n\t\t\t\t<\/div>\n\t\t\t\t<\/div>\n\t\t\t\t\t\t<\/div>\n\t\t\t\t\t<\/div>\n\t\t<\/div>\n\t\t\t\t\t\t\t\t<\/div>\n\t\t\t\t\t<\/div>\n\t\t<\/section>\n\t\t\t\t<section class=\"elementor-section elementor-top-section elementor-element elementor-element-88bda45 elementor-section-boxed elementor-section-height-default elementor-section-height-default\" data-id=\"88bda45\" data-element_type=\"section\">\n\t\t\t\t\t\t<div class=\"elementor-container elementor-column-gap-default\">\n\t\t\t\t\t\t\t<div class=\"elementor-row\">\n\t\t\t\t\t<div class=\"elementor-column elementor-col-100 elementor-top-column elementor-element elementor-element-fb7cf87\" data-id=\"fb7cf87\" data-element_type=\"column\">\n\t\t\t<div class=\"elementor-column-wrap elementor-element-populated\">\n\t\t\t\t\t\t\t<div class=\"elementor-widget-wrap\">\n\t\t\t\t\t\t<div class=\"elementor-element elementor-element-368de28 elementor-widget elementor-widget-text-editor\" data-id=\"368de28\" data-element_type=\"widget\" data-widget_type=\"text-editor.default\">\n\t\t\t\t<div class=\"elementor-widget-container\">\n\t\t\t\t\t<div class=\"elementor-text-editor elementor-clearfix\"><p style=\"margin-bottom: 0.0001pt; line-height: 25.5pt; background-image: initial; background-position: initial; background-size: initial; background-repeat: initial; background-attachment: initial; background-origin: initial; background-clip: initial; text-align: center;\"><span style=\"font-size: 18.0pt; font-family: 'Helvetica',sans-serif; mso-fareast-font-family: 'Times New Roman'; color: #2479a5; mso-fareast-language: FR-BE;\">REMISE DE RESULTAT POSSIBLE :<\/span><\/p><p style=\"line-height: normal; background-image: initial; background-position: initial; background-size: initial; background-repeat: initial; background-attachment: initial; background-origin: initial; background-clip: initial; text-align: center;\"><span style=\"font-size: 12.0pt; font-family: 'Helvetica',sans-serif; mso-fareast-font-family: 'Times New Roman'; color: #666666; mso-fareast-language: FR-BE;\">&#8211; Directement au laboratoire : format papier<\/span><\/p><p style=\"line-height: normal; background-image: initial; background-position: initial; background-size: initial; background-repeat: initial; background-attachment: initial; background-origin: initial; background-clip: initial; text-align: center;\"><span style=\"font-size: 12.0pt; font-family: 'Helvetica',sans-serif; mso-fareast-font-family: 'Times New Roman'; color: #666666; mso-fareast-language: FR-BE;\">-Email s\u00e9curis\u00e9<\/span><\/p><p style=\"text-align: center;\">\u00a0<\/p><p style=\"line-height: normal; background-image: initial; background-position: initial; background-size: initial; background-repeat: initial; background-attachment: initial; background-origin: initial; background-clip: initial; text-align: center;\"><span style=\"font-size: 12.0pt; font-family: 'Helvetica',sans-serif; mso-fareast-font-family: 'Times New Roman'; color: #666666; mso-fareast-language: FR-BE;\">-serveur de r\u00e9sultats en ligne\u00a0<\/span><\/p><\/div>\n\t\t\t\t<\/div>\n\t\t\t\t<\/div>\n\t\t\t\t\t\t<\/div>\n\t\t\t\t\t<\/div>\n\t\t<\/div>\n\t\t\t\t\t\t\t\t<\/div>\n\t\t\t\t\t<\/div>\n\t\t<\/section>\n\t\t\t\t\t\t<\/div>\n\t\t\t\t\t\t<\/div>\n\t\t\t\t\t<\/div>\n\t\t","protected":false},"excerpt":{"rendered":"<p>Les pr\u00e9l\u00e8vements \u00e0 domiciles sont r\u00e9alisables uniquement sur rendez-vous&nbsp;du Lundi au vendredi de 07h30 \u00e0 17h et le Samedi de 08h\u00e0 12h Cliquez ici Cliquez ici \u00a0 \u00a0 \u00a0 \u00a0 \u00a0 \u00a0 \u00a0 \u00a0 \u00a0 \u00a0 \u00a0 \u00a0 \u00a0 \u00a0 \u00a0 \u00a0 \u00a0 \u00a0 \u00a0 \u00a0 \u00a0 \u00a0 \u00a0 \u00a0 \u00a0 \u00a0ORGANISATION En fonction des analyses, on \u00a0vous indiquera si vous devez \u00eatre \u00e0 jeun ou pas, prendre vos m\u00e9dicaments ou pas et vous indiquera une plage horaire de passage. Les horaires les plus matinaux sont r\u00e9serv\u00e9s aux patients concern\u00e9s par ces contraintes (diab\u00e9tiques, thyroidiens, greff\u00e9s trait\u00e9s, autres \u2026). Vous&#8230;<\/p>\n","protected":false},"author":1,"featured_media":0,"parent":0,"menu_order":0,"comment_status":"closed","ping_status":"closed","template":"","meta":{"footnotes":""},"class_list":["post-789","page","type-page","status-publish","hentry"],"yoast_head":"<!-- This site is optimized with the Yoast SEO plugin v15.0 - https:\/\/yoast.com\/wordpress\/plugins\/seo\/ -->\n<title>PRELEVEMENTS A DOMICILE - LBS<\/title>\n<meta name=\"robots\" content=\"index, follow, max-snippet:-1, max-image-preview:large, max-video-preview:-1\" \/>\n<link rel=\"canonical\" href=\"http:\/\/labolbs.com\/WP20\/prelevements-a-domicile\/\" \/>\n<meta property=\"og:locale\" content=\"fr_FR\" \/>\n<meta property=\"og:type\" content=\"article\" \/>\n<meta property=\"og:title\" content=\"PRELEVEMENTS A DOMICILE - LBS\" \/>\n<meta property=\"og:description\" content=\"Les pr\u00e9l\u00e8vements \u00e0 domiciles sont r\u00e9alisables uniquement sur rendez-vous&nbsp;du Lundi au vendredi de 07h30 \u00e0 17h et le Samedi de 08h\u00e0 12h Cliquez ici Cliquez ici \u00a0 \u00a0 \u00a0 \u00a0 \u00a0 \u00a0 \u00a0 \u00a0 \u00a0 \u00a0 \u00a0 \u00a0 \u00a0 \u00a0 \u00a0 \u00a0 \u00a0 \u00a0 \u00a0 \u00a0 \u00a0 \u00a0 \u00a0 \u00a0 \u00a0 \u00a0ORGANISATION En fonction des analyses, on \u00a0vous indiquera si vous devez \u00eatre \u00e0 jeun ou pas, prendre vos m\u00e9dicaments ou pas et vous indiquera une plage horaire de passage. Les horaires les plus matinaux sont r\u00e9serv\u00e9s aux patients concern\u00e9s par ces contraintes (diab\u00e9tiques, thyroidiens, greff\u00e9s trait\u00e9s, autres \u2026). Vous...\" \/>\n<meta property=\"og:url\" content=\"http:\/\/labolbs.com\/WP20\/prelevements-a-domicile\/\" \/>\n<meta property=\"og:site_name\" content=\"LBS\" \/>\n<meta property=\"article:modified_time\" content=\"2020-07-30T00:44:32+00:00\" \/>\n<meta property=\"og:image\" content=\"http:\/\/labolbs.com\/WP20\/wp-content\/uploads\/2020\/07\/ct-telefoon-2051x2051-82.png\" \/>\n<script type=\"application\/ld+json\" class=\"yoast-schema-graph\">{\"@context\":\"https:\/\/schema.org\",\"@graph\":[{\"@type\":\"WebSite\",\"@id\":\"http:\/\/labolbs.com\/WP20\/#website\",\"url\":\"http:\/\/labolbs.com\/WP20\/\",\"name\":\"LBS\",\"description\":\"LABORATOIRE DE BIOLOGIE SEBTA\",\"potentialAction\":[{\"@type\":\"SearchAction\",\"target\":\"http:\/\/labolbs.com\/WP20\/?s={search_term_string}\",\"query-input\":\"required name=search_term_string\"}],\"inLanguage\":\"fr-FR\"},{\"@type\":\"ImageObject\",\"@id\":\"http:\/\/labolbs.com\/WP20\/prelevements-a-domicile\/#primaryimage\",\"inLanguage\":\"fr-FR\",\"url\":\"http:\/\/labolbs.com\/WP20\/wp-content\/uploads\/2020\/07\/ct-telefoon-2051x2051-82.png\",\"width\":600,\"height\":600},{\"@type\":\"WebPage\",\"@id\":\"http:\/\/labolbs.com\/WP20\/prelevements-a-domicile\/#webpage\",\"url\":\"http:\/\/labolbs.com\/WP20\/prelevements-a-domicile\/\",\"name\":\"PRELEVEMENTS A DOMICILE - LBS\",\"isPartOf\":{\"@id\":\"http:\/\/labolbs.com\/WP20\/#website\"},\"primaryImageOfPage\":{\"@id\":\"http:\/\/labolbs.com\/WP20\/prelevements-a-domicile\/#primaryimage\"},\"datePublished\":\"2020-07-30T00:03:45+00:00\",\"dateModified\":\"2020-07-30T00:44:32+00:00\",\"inLanguage\":\"fr-FR\",\"potentialAction\":[{\"@type\":\"ReadAction\",\"target\":[\"http:\/\/labolbs.com\/WP20\/prelevements-a-domicile\/\"]}]}]}<\/script>\n<!-- \/ Yoast SEO plugin. -->","_links":{"self":[{"href":"http:\/\/labolbs.com\/WP20\/wp-json\/wp\/v2\/pages\/789","targetHints":{"allow":["GET"]}}],"collection":[{"href":"http:\/\/labolbs.com\/WP20\/wp-json\/wp\/v2\/pages"}],"about":[{"href":"http:\/\/labolbs.com\/WP20\/wp-json\/wp\/v2\/types\/page"}],"author":[{"embeddable":true,"href":"http:\/\/labolbs.com\/WP20\/wp-json\/wp\/v2\/users\/1"}],"replies":[{"embeddable":true,"href":"http:\/\/labolbs.com\/WP20\/wp-json\/wp\/v2\/comments?post=789"}],"version-history":[{"count":8,"href":"http:\/\/labolbs.com\/WP20\/wp-json\/wp\/v2\/pages\/789\/revisions"}],"predecessor-version":[{"id":802,"href":"http:\/\/labolbs.com\/WP20\/wp-json\/wp\/v2\/pages\/789\/revisions\/802"}],"wp:attachment":[{"href":"http:\/\/labolbs.com\/WP20\/wp-json\/wp\/v2\/media?parent=789"}],"curies":[{"name":"wp","href":"https:\/\/api.w.org\/{rel}","templated":true}]}}