{"id":804,"date":"2020-07-30T13:08:51","date_gmt":"2020-07-30T12:08:51","guid":{"rendered":"http:\/\/labolbs.com\/WP20\/?page_id=804"},"modified":"2020-07-30T13:22:09","modified_gmt":"2020-07-30T12:22:09","slug":"acces-prioritaire","status":"publish","type":"page","link":"http:\/\/labolbs.com\/WP20\/acces-prioritaire\/","title":{"rendered":"ACCES PRIORITAIRE"},"content":{"rendered":"\t\t<div data-elementor-type=\"wp-page\" data-elementor-id=\"804\" class=\"elementor elementor-804\" data-elementor-settings=\"[]\">\n\t\t\t\t\t\t<div class=\"elementor-inner\">\n\t\t\t\t\t\t\t<div class=\"elementor-section-wrap\">\n\t\t\t\t\t\t\t<section class=\"elementor-section elementor-top-section elementor-element elementor-element-dc34429 elementor-section-boxed elementor-section-height-default elementor-section-height-default\" data-id=\"dc34429\" data-element_type=\"section\">\n\t\t\t\t\t\t<div class=\"elementor-container elementor-column-gap-default\">\n\t\t\t\t\t\t\t<div class=\"elementor-row\">\n\t\t\t\t\t<div class=\"elementor-column elementor-col-100 elementor-top-column elementor-element elementor-element-38a872e\" data-id=\"38a872e\" data-element_type=\"column\">\n\t\t\t<div class=\"elementor-column-wrap elementor-element-populated\">\n\t\t\t\t\t\t\t<div class=\"elementor-widget-wrap\">\n\t\t\t\t\t\t<div class=\"elementor-element elementor-element-861028c elementor-widget elementor-widget-heading\" data-id=\"861028c\" data-element_type=\"widget\" data-widget_type=\"heading.default\">\n\t\t\t\t<div class=\"elementor-widget-container\">\n\t\t\t<h2 class=\"elementor-heading-title elementor-size-default\">Pr\u00e9parez votre visite en ligne pour  un acc\u00e8s prioritaire<\/h2>\t\t<\/div>\n\t\t\t\t<\/div>\n\t\t\t\t\t\t<\/div>\n\t\t\t\t\t<\/div>\n\t\t<\/div>\n\t\t\t\t\t\t\t\t<\/div>\n\t\t\t\t\t<\/div>\n\t\t<\/section>\n\t\t\t\t<section class=\"elementor-section elementor-top-section elementor-element elementor-element-7e87748 elementor-section-boxed elementor-section-height-default elementor-section-height-default\" data-id=\"7e87748\" data-element_type=\"section\">\n\t\t\t\t\t\t<div class=\"elementor-container elementor-column-gap-default\">\n\t\t\t\t\t\t\t<div class=\"elementor-row\">\n\t\t\t\t\t<div class=\"elementor-column elementor-col-100 elementor-top-column elementor-element elementor-element-793c73b\" data-id=\"793c73b\" data-element_type=\"column\">\n\t\t\t<div class=\"elementor-column-wrap elementor-element-populated\">\n\t\t\t\t\t\t\t<div class=\"elementor-widget-wrap\">\n\t\t\t\t\t\t<div class=\"elementor-element elementor-element-06710e0 elementor-widget elementor-widget-image\" data-id=\"06710e0\" data-element_type=\"widget\" data-widget_type=\"image.default\">\n\t\t\t\t<div class=\"elementor-widget-container\">\n\t\t\t\t\t<div class=\"elementor-image\">\n\t\t\t\t\t\t\t\t\t\t<img loading=\"lazy\" decoding=\"async\" width=\"640\" height=\"248\" src=\"http:\/\/labolbs.com\/WP20\/wp-content\/uploads\/2020\/07\/Priority-Access-logo.jpg\" class=\"attachment-large size-large\" alt=\"\" \/>\t\t\t\t\t\t\t\t\t\t\t<\/div>\n\t\t\t\t<\/div>\n\t\t\t\t<\/div>\n\t\t\t\t\t\t<\/div>\n\t\t\t\t\t<\/div>\n\t\t<\/div>\n\t\t\t\t\t\t\t\t<\/div>\n\t\t\t\t\t<\/div>\n\t\t<\/section>\n\t\t\t\t<section class=\"elementor-section elementor-top-section elementor-element elementor-element-2532113 elementor-section-boxed elementor-section-height-default elementor-section-height-default\" data-id=\"2532113\" data-element_type=\"section\">\n\t\t\t\t\t\t<div class=\"elementor-container elementor-column-gap-default\">\n\t\t\t\t\t\t\t<div class=\"elementor-row\">\n\t\t\t\t\t<div class=\"elementor-column elementor-col-100 elementor-top-column elementor-element elementor-element-87dc0e4\" data-id=\"87dc0e4\" data-element_type=\"column\">\n\t\t\t<div class=\"elementor-column-wrap elementor-element-populated\">\n\t\t\t\t\t\t\t<div class=\"elementor-widget-wrap\">\n\t\t\t\t\t\t<div class=\"elementor-element elementor-element-713977a elementor-widget elementor-widget-text-editor\" data-id=\"713977a\" data-element_type=\"widget\" data-widget_type=\"text-editor.default\">\n\t\t\t\t<div class=\"elementor-widget-container\">\n\t\t\t\t\t<div class=\"elementor-text-editor elementor-clearfix\"><p style=\"text-align: center;\">A votre arriv\u00e9e votre dossier sera pr\u00e9 enregistr\u00e9<\/p><\/div>\n\t\t\t\t<\/div>\n\t\t\t\t<\/div>\n\t\t\t\t\t\t<\/div>\n\t\t\t\t\t<\/div>\n\t\t<\/div>\n\t\t\t\t\t\t\t\t<\/div>\n\t\t\t\t\t<\/div>\n\t\t<\/section>\n\t\t\t\t<section class=\"elementor-section elementor-top-section elementor-element elementor-element-1937723 elementor-section-boxed elementor-section-height-default elementor-section-height-default\" data-id=\"1937723\" data-element_type=\"section\">\n\t\t\t\t\t\t<div class=\"elementor-container elementor-column-gap-default\">\n\t\t\t\t\t\t\t<div class=\"elementor-row\">\n\t\t\t\t\t<div class=\"elementor-column elementor-col-100 elementor-top-column elementor-element elementor-element-40596e7\" data-id=\"40596e7\" data-element_type=\"column\">\n\t\t\t<div class=\"elementor-column-wrap elementor-element-populated\">\n\t\t\t\t\t\t\t<div class=\"elementor-widget-wrap\">\n\t\t\t\t\t\t<div class=\"elementor-element elementor-element-47140e3 elementor-widget elementor-widget-text-editor\" data-id=\"47140e3\" data-element_type=\"widget\" data-widget_type=\"text-editor.default\">\n\t\t\t\t<div class=\"elementor-widget-container\">\n\t\t\t\t\t<div class=\"elementor-text-editor elementor-clearfix\"><p style=\"text-align: center;\">Plus qu&rsquo;\u00e0 valider et passer en salle de pr\u00e9l\u00e8vement\u00a0<\/p><\/div>\n\t\t\t\t<\/div>\n\t\t\t\t<\/div>\n\t\t\t\t\t\t<\/div>\n\t\t\t\t\t<\/div>\n\t\t<\/div>\n\t\t\t\t\t\t\t\t<\/div>\n\t\t\t\t\t<\/div>\n\t\t<\/section>\n\t\t\t\t\t\t<\/div>\n\t\t\t\t\t\t<\/div>\n\t\t\t\t\t<\/div>\n\t\t","protected":false},"excerpt":{"rendered":"<p>Pr\u00e9parez votre visite en ligne pour un acc\u00e8s prioritaire A votre arriv\u00e9e votre dossier sera pr\u00e9 enregistr\u00e9 Plus qu&rsquo;\u00e0 valider et passer en salle de pr\u00e9l\u00e8vement\u00a0<\/p>\n","protected":false},"author":1,"featured_media":0,"parent":0,"menu_order":0,"comment_status":"closed","ping_status":"closed","template":"","meta":{"footnotes":""},"class_list":["post-804","page","type-page","status-publish","hentry"],"yoast_head":"<!-- This site is optimized with the Yoast SEO plugin v15.0 - https:\/\/yoast.com\/wordpress\/plugins\/seo\/ -->\n<title>ACCES PRIORITAIRE - LBS<\/title>\n<meta name=\"robots\" content=\"index, follow, max-snippet:-1, max-image-preview:large, max-video-preview:-1\" \/>\n<link rel=\"canonical\" href=\"http:\/\/labolbs.com\/WP20\/acces-prioritaire\/\" \/>\n<meta property=\"og:locale\" content=\"fr_FR\" \/>\n<meta property=\"og:type\" content=\"article\" \/>\n<meta property=\"og:title\" content=\"ACCES PRIORITAIRE - LBS\" \/>\n<meta property=\"og:description\" content=\"Pr\u00e9parez votre visite en ligne pour un acc\u00e8s prioritaire A votre arriv\u00e9e votre dossier sera pr\u00e9 enregistr\u00e9 Plus qu&rsquo;\u00e0 valider et passer en salle de pr\u00e9l\u00e8vement\u00a0\" \/>\n<meta property=\"og:url\" content=\"http:\/\/labolbs.com\/WP20\/acces-prioritaire\/\" \/>\n<meta property=\"og:site_name\" content=\"LBS\" \/>\n<meta property=\"article:modified_time\" content=\"2020-07-30T12:22:09+00:00\" \/>\n<meta property=\"og:image\" content=\"http:\/\/labolbs.com\/WP20\/wp-content\/uploads\/2020\/07\/Priority-Access-logo.jpg\" \/>\n<script type=\"application\/ld+json\" class=\"yoast-schema-graph\">{\"@context\":\"https:\/\/schema.org\",\"@graph\":[{\"@type\":\"WebSite\",\"@id\":\"http:\/\/labolbs.com\/WP20\/#website\",\"url\":\"http:\/\/labolbs.com\/WP20\/\",\"name\":\"LBS\",\"description\":\"LABORATOIRE DE BIOLOGIE SEBTA\",\"potentialAction\":[{\"@type\":\"SearchAction\",\"target\":\"http:\/\/labolbs.com\/WP20\/?s={search_term_string}\",\"query-input\":\"required name=search_term_string\"}],\"inLanguage\":\"fr-FR\"},{\"@type\":\"ImageObject\",\"@id\":\"http:\/\/labolbs.com\/WP20\/acces-prioritaire\/#primaryimage\",\"inLanguage\":\"fr-FR\",\"url\":\"http:\/\/labolbs.com\/WP20\/wp-content\/uploads\/2020\/07\/Priority-Access-logo.jpg\",\"width\":1508,\"height\":585},{\"@type\":\"WebPage\",\"@id\":\"http:\/\/labolbs.com\/WP20\/acces-prioritaire\/#webpage\",\"url\":\"http:\/\/labolbs.com\/WP20\/acces-prioritaire\/\",\"name\":\"ACCES PRIORITAIRE - LBS\",\"isPartOf\":{\"@id\":\"http:\/\/labolbs.com\/WP20\/#website\"},\"primaryImageOfPage\":{\"@id\":\"http:\/\/labolbs.com\/WP20\/acces-prioritaire\/#primaryimage\"},\"datePublished\":\"2020-07-30T12:08:51+00:00\",\"dateModified\":\"2020-07-30T12:22:09+00:00\",\"inLanguage\":\"fr-FR\",\"potentialAction\":[{\"@type\":\"ReadAction\",\"target\":[\"http:\/\/labolbs.com\/WP20\/acces-prioritaire\/\"]}]}]}<\/script>\n<!-- \/ Yoast SEO plugin. -->","_links":{"self":[{"href":"http:\/\/labolbs.com\/WP20\/wp-json\/wp\/v2\/pages\/804","targetHints":{"allow":["GET"]}}],"collection":[{"href":"http:\/\/labolbs.com\/WP20\/wp-json\/wp\/v2\/pages"}],"about":[{"href":"http:\/\/labolbs.com\/WP20\/wp-json\/wp\/v2\/types\/page"}],"author":[{"embeddable":true,"href":"http:\/\/labolbs.com\/WP20\/wp-json\/wp\/v2\/users\/1"}],"replies":[{"embeddable":true,"href":"http:\/\/labolbs.com\/WP20\/wp-json\/wp\/v2\/comments?post=804"}],"version-history":[{"count":3,"href":"http:\/\/labolbs.com\/WP20\/wp-json\/wp\/v2\/pages\/804\/revisions"}],"predecessor-version":[{"id":808,"href":"http:\/\/labolbs.com\/WP20\/wp-json\/wp\/v2\/pages\/804\/revisions\/808"}],"wp:attachment":[{"href":"http:\/\/labolbs.com\/WP20\/wp-json\/wp\/v2\/media?parent=804"}],"curies":[{"name":"wp","href":"https:\/\/api.w.org\/{rel}","templated":true}]}}