{"id":1011,"date":"2024-01-02T01:20:03","date_gmt":"2024-01-02T00:20:03","guid":{"rendered":"http:\/\/labolbs.com\/WP20\/?page_id=1011"},"modified":"2024-01-02T01:24:51","modified_gmt":"2024-01-02T00:24:51","slug":"notre-politique-qualite","status":"publish","type":"page","link":"https:\/\/labolbs.com\/WP20\/notre-politique-qualite\/","title":{"rendered":"NOTRE POLITIQUE QUALITE"},"content":{"rendered":"\t\t<div data-elementor-type=\"wp-page\" data-elementor-id=\"1011\" class=\"elementor elementor-1011\" data-elementor-settings=\"[]\">\n\t\t\t\t\t\t<div class=\"elementor-inner\">\n\t\t\t\t\t\t\t<div class=\"elementor-section-wrap\">\n\t\t\t\t\t\t\t<section class=\"elementor-section elementor-top-section elementor-element elementor-element-629615b9 elementor-section-boxed elementor-section-height-default elementor-section-height-default\" data-id=\"629615b9\" data-element_type=\"section\">\n\t\t\t\t\t\t<div class=\"elementor-container elementor-column-gap-default\">\n\t\t\t\t\t\t\t<div class=\"elementor-row\">\n\t\t\t\t\t<div class=\"elementor-column elementor-col-100 elementor-top-column elementor-element elementor-element-6c7e16cf\" data-id=\"6c7e16cf\" data-element_type=\"column\">\n\t\t\t<div class=\"elementor-column-wrap elementor-element-populated\">\n\t\t\t\t\t\t\t<div class=\"elementor-widget-wrap\">\n\t\t\t\t\t\t<div class=\"elementor-element elementor-element-10d77c24 elementor-widget elementor-widget-text-editor\" data-id=\"10d77c24\" data-element_type=\"widget\" data-widget_type=\"text-editor.default\">\n\t\t\t\t<div class=\"elementor-widget-container\">\n\t\t\t\t\t<div class=\"elementor-text-editor elementor-clearfix\"><p><!-- wp:paragraph --><\/p>\n<p>Cr\u00e9e en 2011, Le laboratoire de biologie Sebta (LBS) , \u0153uvre au c\u0153ur du parcours de soins en r\u00e9alisant des prestations de biologie m\u00e9dicale et d\u2019analyses sp\u00e9cialis\u00e9es, en restant fid\u00e8le \u00e0 ses valeurs d\u2019\u00e9thique, d\u2019int\u00e9grit\u00e9, de qualit\u00e9 et d\u2019efficacit\u00e9.<br>Cultivant une approche engag\u00e9e et humaine, La satisfaction de nos patients, des prescripteurs et de l\u2019ensemble de nos correspondants, collaborateurs et partenaires est notre priorit\u00e9.<br><span style=\"color: #008080;\"><u><b>La politique qualit\u00e9 s\u2019articule autour des trois axes suivants :<\/b><\/u><\/span><\/p>\n<p><!-- \/wp:paragraph --><!-- wp:paragraph --><\/p>\n<p>\u2022 Renforcer la confiance de nos patients, prescripteurs, partenaires et correspondants ; et assurer une communication efficace pour r\u00e9pondre \u00e0 leurs besoins.<br>\u2022 Favoriser et investir dans l\u2019acquisition de nouvelles comp\u00e9tences et connaissances par notre personnel afin de garantir les plus hauts standards d\u2019expertise dans un environnement en \u00e9volution technologique et r\u00e9glementaire constante.<br>\u2022 Assurer un environnement serin, satisfaisant et s\u00e9curitaire pour nos patients et notre personnel.<\/p>\n<p><!-- \/wp:paragraph --><!-- wp:paragraph --><\/p>\n<hr>\n<p><span style=\"color: #008080;\"><u><b>Pour atteindre ces objectifs, la Direction s\u2019engage sur :<\/b><\/u><\/span><br>\u2022 La mise en place des moyens et ressources n\u00e9cessaires ;<br>\u2022 La mise en \u0153uvre, d\u2019un syst\u00e8me de suivi et l\u2019am\u00e9lioration continue du syst\u00e8me de management de la qualit\u00e9 en conformit\u00e9 avec les exigences r\u00e9glementaires et normatives applicables \u00e0 nos diff\u00e9rentes activit\u00e9s.<br>\u2022 La formation de nos \u00e9quipes , et l\u2019am\u00e9lioration continue de l\u2019ambiance et de nos conditions de travail;<br>\u2022 La s\u00e9curisation de tout l\u2019environnement de travail y compris l\u2019environnement informatique.<\/p>\n<p><!-- \/wp:paragraph --><!-- wp:paragraph --><\/p>\n<p><span style=\"color: #008080;\"><b><u><i>LOUAHABI AMAL<br>Biologiste directeur du laboratoire de biologie sebta<\/i><\/u><\/b><\/span><\/p>\n<p><!-- \/wp:paragraph --><\/p><\/div>\n\t\t\t\t<\/div>\n\t\t\t\t<\/div>\n\t\t\t\t\t\t<\/div>\n\t\t\t\t\t<\/div>\n\t\t<\/div>\n\t\t\t\t\t\t\t\t<\/div>\n\t\t\t\t\t<\/div>\n\t\t<\/section>\n\t\t\t\t\t\t<\/div>\n\t\t\t\t\t\t<\/div>\n\t\t\t\t\t<\/div>\n\t\t","protected":false},"excerpt":{"rendered":"<p>Cr\u00e9e en 2011, Le laboratoire de biologie Sebta (LBS) , \u0153uvre au c\u0153ur du parcours de soins en r\u00e9alisant des prestations de biologie m\u00e9dicale et d\u2019analyses sp\u00e9cialis\u00e9es, en restant fid\u00e8le \u00e0 ses valeurs d\u2019\u00e9thique, d\u2019int\u00e9grit\u00e9, de qualit\u00e9 et d\u2019efficacit\u00e9.Cultivant une approche engag\u00e9e et humaine, La satisfaction de nos patients, des prescripteurs et de l\u2019ensemble de nos correspondants, collaborateurs et partenaires est notre priorit\u00e9.La politique qualit\u00e9 s\u2019articule autour des trois axes suivants : \u2022 Renforcer la confiance de nos patients, prescripteurs, partenaires et correspondants ; et assurer une communication efficace pour r\u00e9pondre \u00e0 leurs besoins.\u2022 Favoriser et investir dans l\u2019acquisition de&#8230;<\/p>\n","protected":false},"author":1,"featured_media":0,"parent":0,"menu_order":0,"comment_status":"closed","ping_status":"closed","template":"","meta":{"footnotes":""},"class_list":["post-1011","page","type-page","status-publish","hentry"],"yoast_head":"<!-- This site is optimized with the Yoast SEO plugin v15.0 - https:\/\/yoast.com\/wordpress\/plugins\/seo\/ -->\n<title>NOTRE POLITIQUE QUALITE - LBS<\/title>\n<meta name=\"robots\" content=\"index, follow, max-snippet:-1, max-image-preview:large, max-video-preview:-1\" \/>\n<link rel=\"canonical\" href=\"http:\/\/labolbs.com\/WP20\/notre-politique-qualite\/\" \/>\n<meta property=\"og:locale\" content=\"fr_FR\" \/>\n<meta property=\"og:type\" content=\"article\" \/>\n<meta property=\"og:title\" content=\"NOTRE POLITIQUE QUALITE - LBS\" \/>\n<meta property=\"og:description\" content=\"Cr\u00e9e en 2011, Le laboratoire de biologie Sebta (LBS) , \u0153uvre au c\u0153ur du parcours de soins en r\u00e9alisant des prestations de biologie m\u00e9dicale et d\u2019analyses sp\u00e9cialis\u00e9es, en restant fid\u00e8le \u00e0 ses valeurs d\u2019\u00e9thique, d\u2019int\u00e9grit\u00e9, de qualit\u00e9 et d\u2019efficacit\u00e9.Cultivant une approche engag\u00e9e et humaine, La satisfaction de nos patients, des prescripteurs et de l\u2019ensemble de nos correspondants, collaborateurs et partenaires est notre priorit\u00e9.La politique qualit\u00e9 s\u2019articule autour des trois axes suivants : \u2022 Renforcer la confiance de nos patients, prescripteurs, partenaires et correspondants ; et assurer une communication efficace pour r\u00e9pondre \u00e0 leurs besoins.\u2022 Favoriser et investir dans l\u2019acquisition de...\" \/>\n<meta property=\"og:url\" content=\"http:\/\/labolbs.com\/WP20\/notre-politique-qualite\/\" \/>\n<meta property=\"og:site_name\" content=\"LBS\" \/>\n<meta property=\"article:modified_time\" content=\"2024-01-02T00:24:51+00:00\" \/>\n<script type=\"application\/ld+json\" class=\"yoast-schema-graph\">{\"@context\":\"https:\/\/schema.org\",\"@graph\":[{\"@type\":\"WebSite\",\"@id\":\"https:\/\/labolbs.com\/WP20\/#website\",\"url\":\"https:\/\/labolbs.com\/WP20\/\",\"name\":\"LBS\",\"description\":\"LABORATOIRE DE BIOLOGIE SEBTA\",\"potentialAction\":[{\"@type\":\"SearchAction\",\"target\":\"https:\/\/labolbs.com\/WP20\/?s={search_term_string}\",\"query-input\":\"required name=search_term_string\"}],\"inLanguage\":\"fr-FR\"},{\"@type\":\"WebPage\",\"@id\":\"http:\/\/labolbs.com\/WP20\/notre-politique-qualite\/#webpage\",\"url\":\"http:\/\/labolbs.com\/WP20\/notre-politique-qualite\/\",\"name\":\"NOTRE POLITIQUE QUALITE - LBS\",\"isPartOf\":{\"@id\":\"https:\/\/labolbs.com\/WP20\/#website\"},\"datePublished\":\"2024-01-02T00:20:03+00:00\",\"dateModified\":\"2024-01-02T00:24:51+00:00\",\"inLanguage\":\"fr-FR\",\"potentialAction\":[{\"@type\":\"ReadAction\",\"target\":[\"http:\/\/labolbs.com\/WP20\/notre-politique-qualite\/\"]}]}]}<\/script>\n<!-- \/ Yoast SEO plugin. -->","_links":{"self":[{"href":"https:\/\/labolbs.com\/WP20\/wp-json\/wp\/v2\/pages\/1011","targetHints":{"allow":["GET"]}}],"collection":[{"href":"https:\/\/labolbs.com\/WP20\/wp-json\/wp\/v2\/pages"}],"about":[{"href":"https:\/\/labolbs.com\/WP20\/wp-json\/wp\/v2\/types\/page"}],"author":[{"embeddable":true,"href":"https:\/\/labolbs.com\/WP20\/wp-json\/wp\/v2\/users\/1"}],"replies":[{"embeddable":true,"href":"https:\/\/labolbs.com\/WP20\/wp-json\/wp\/v2\/comments?post=1011"}],"version-history":[{"count":2,"href":"https:\/\/labolbs.com\/WP20\/wp-json\/wp\/v2\/pages\/1011\/revisions"}],"predecessor-version":[{"id":1013,"href":"https:\/\/labolbs.com\/WP20\/wp-json\/wp\/v2\/pages\/1011\/revisions\/1013"}],"wp:attachment":[{"href":"https:\/\/labolbs.com\/WP20\/wp-json\/wp\/v2\/media?parent=1011"}],"curies":[{"name":"wp","href":"https:\/\/api.w.org\/{rel}","templated":true}]}}